{"id":8689,"date":"2022-10-20T11:21:52","date_gmt":"2022-10-20T07:21:52","guid":{"rendered":"https:\/\/cisna.net\/a-propos-de-la-sadc\/"},"modified":"2022-10-20T11:21:52","modified_gmt":"2022-10-20T07:21:52","slug":"a-propos-de-la-sadc","status":"publish","type":"page","link":"https:\/\/cisna.net\/fr\/a-propos-de-la-sadc\/","title":{"rendered":"A propos de la SADC"},"content":{"rendered":"\t\t<div data-elementor-type=\"wp-page\" data-elementor-id=\"8689\" class=\"elementor elementor-8689\">\n\t\t\t\t\t\t\t\t\t<section class=\"elementor-section elementor-top-section elementor-element elementor-element-e1dd29d elementor-section-boxed elementor-section-height-default elementor-section-height-default\" data-id=\"e1dd29d\" data-element_type=\"section\">\n\t\t\t\t\t\t<div class=\"elementor-container elementor-column-gap-default\">\n\t\t\t\t\t<div class=\"elementor-column elementor-col-50 elementor-top-column elementor-element elementor-element-f0c37f8\" data-id=\"f0c37f8\" data-element_type=\"column\">\n\t\t\t<div class=\"elementor-widget-wrap elementor-element-populated\">\n\t\t\t\t\t\t\t\t<div class=\"elementor-element elementor-element-65d0100 elementor-widget elementor-widget-heading\" data-id=\"65d0100\" data-element_type=\"widget\" data-widget_type=\"heading.default\">\n\t\t\t\t<div class=\"elementor-widget-container\">\n\t\t\t<style>\/*! elementor - v3.16.0 - 17-10-2023 *\/\n.elementor-heading-title{padding:0;margin:0;line-height:1}.elementor-widget-heading .elementor-heading-title[class*=elementor-size-]>a{color:inherit;font-size:inherit;line-height:inherit}.elementor-widget-heading .elementor-heading-title.elementor-size-small{font-size:15px}.elementor-widget-heading .elementor-heading-title.elementor-size-medium{font-size:19px}.elementor-widget-heading .elementor-heading-title.elementor-size-large{font-size:29px}.elementor-widget-heading .elementor-heading-title.elementor-size-xl{font-size:39px}.elementor-widget-heading .elementor-heading-title.elementor-size-xxl{font-size:59px}<\/style><h2 class=\"elementor-heading-title elementor-size-default\">SADC<\/h2>\t\t<\/div>\n\t\t\t\t<\/div>\n\t\t\t\t<div class=\"elementor-element elementor-element-69bc6cf elementor-widget elementor-widget-text-editor\" data-id=\"69bc6cf\" data-element_type=\"widget\" data-widget_type=\"text-editor.default\">\n\t\t\t\t<div class=\"elementor-widget-container\">\n\t\t\t<style>\/*! elementor - v3.16.0 - 17-10-2023 *\/\n.elementor-widget-text-editor.elementor-drop-cap-view-stacked .elementor-drop-cap{background-color:#69727d;color:#fff}.elementor-widget-text-editor.elementor-drop-cap-view-framed .elementor-drop-cap{color:#69727d;border:3px solid;background-color:transparent}.elementor-widget-text-editor:not(.elementor-drop-cap-view-default) .elementor-drop-cap{margin-top:8px}.elementor-widget-text-editor:not(.elementor-drop-cap-view-default) .elementor-drop-cap-letter{width:1em;height:1em}.elementor-widget-text-editor .elementor-drop-cap{float:left;text-align:center;line-height:1;font-size:50px}.elementor-widget-text-editor .elementor-drop-cap-letter{display:inline-block}<\/style>\t\t\t\t<h3>The Southern African Development Community (SADC) was established as a development coordinating conference (SADCC) in 1980 and transformed into a development community in 1992. It is an inter-governmental organisation whose goal is to promote sustainable and equitable economic growth and socio-economic development through efficient productive systems, deeper cooperation and integration, good governance, and durable peace and security among fifteen Southern African Member States.<\/h3>\t\t\t\t\t\t<\/div>\n\t\t\t\t<\/div>\n\t\t\t\t\t<\/div>\n\t\t<\/div>\n\t\t\t\t<div class=\"elementor-column elementor-col-50 elementor-top-column elementor-element elementor-element-72ce8f4\" data-id=\"72ce8f4\" data-element_type=\"column\">\n\t\t\t<div class=\"elementor-widget-wrap elementor-element-populated\">\n\t\t\t\t\t\t\t\t<div class=\"elementor-element elementor-element-95d44b6 elementor-widget elementor-widget-ova_list_link\" data-id=\"95d44b6\" data-element_type=\"widget\" data-widget_type=\"ova_list_link.default\">\n\t\t\t\t<div class=\"elementor-widget-container\">\n\t\t\t\t\t<div class=\"ova_list_link box-shadow\">\n\t\t\t\t\t\t<h3 class=\"title\">\n\t\t\t\tABOUT\t\t\t<\/h3>\n\t\t\t\t\t\t\t\t\t<ul class=\"content\">\n\t\t\t\t\t\t\t\t\t<li class=\"item\">\n\t\t\t\t\t\t<a href=\"https:\/\/cisna.net\/about\/about-cisna\/\">\n\t\t\t\t\t\t\tAbout CISNA\t\t\t\t\t\t\t\t\t\t\t\t\t\t<span class=\"icon\">\n\t\t\t\t\t\t\t\t<i data-feather=\"chevron-right\"><\/i>\n\t\t\t\t\t\t\t<\/span>\n\t\t\t\t\t\t    \t\t\t\t\t\t    \t\t\t\t\t\t\t<span class=\"icon-hover\">\n\t\t\t\t\t\t\t\t<i data-feather=\"arrow-right\"><\/i>\n\t\t\t\t\t\t\t<\/span>\n\t\t\t\t\t\t\t \t\t\t\t\t\t<\/a>\n\n\t\t\t\t\t<\/li>\n\t\t\t\t\t\t\t\t\t<li class=\"item\">\n\t\t\t\t\t\t<a href=\"https:\/\/cisna.net\/about\/about-sadc\/\">\n\t\t\t\t\t\t\tSADC\t\t\t\t\t\t\t\t\t\t\t\t\t\t<span class=\"icon\">\n\t\t\t\t\t\t\t\t<i data-feather=\"chevron-right\"><\/i>\n\t\t\t\t\t\t\t<\/span>\n\t\t\t\t\t\t    \t\t\t\t\t\t    \t\t\t\t\t\t\t<span class=\"icon-hover\">\n\t\t\t\t\t\t\t\t<i data-feather=\"arrow-right\"><\/i>\n\t\t\t\t\t\t\t<\/span>\n\t\t\t\t\t\t\t \t\t\t\t\t\t<\/a>\n\n\t\t\t\t\t<\/li>\n\t\t\t\t\t\t\t\t\t<li class=\"item\">\n\t\t\t\t\t\t<a href=\"https:\/\/cisna.net\/about\/sadc-fip\/\">\n\t\t\t\t\t\t\tSADC FIP\t\t\t\t\t\t\t\t\t\t\t\t\t\t<span class=\"icon\">\n\t\t\t\t\t\t\t\t<i data-feather=\"chevron-right\"><\/i>\n\t\t\t\t\t\t\t<\/span>\n\t\t\t\t\t\t    \t\t\t\t\t\t    \t\t\t\t\t\t\t<span class=\"icon-hover\">\n\t\t\t\t\t\t\t\t<i data-feather=\"arrow-right\"><\/i>\n\t\t\t\t\t\t\t<\/span>\n\t\t\t\t\t\t\t \t\t\t\t\t\t<\/a>\n\n\t\t\t\t\t<\/li>\n\t\t\t\t\t\t\t\t\t<li class=\"item\">\n\t\t\t\t\t\t<a href=\"https:\/\/cisna.net\/about\/cisna-history\/\">\n\t\t\t\t\t\t\tCisna History\t\t\t\t\t\t\t\t\t\t\t\t\t\t<span class=\"icon\">\n\t\t\t\t\t\t\t\t<i data-feather=\"chevron-right\"><\/i>\n\t\t\t\t\t\t\t<\/span>\n\t\t\t\t\t\t    \t\t\t\t\t\t    \t\t\t\t\t\t\t<span class=\"icon-hover\">\n\t\t\t\t\t\t\t\t<i data-feather=\"arrow-right\"><\/i>\n\t\t\t\t\t\t\t<\/span>\n\t\t\t\t\t\t\t \t\t\t\t\t\t<\/a>\n\n\t\t\t\t\t<\/li>\n\t\t\t\t\t\t\t\t\t<li class=\"item\">\n\t\t\t\t\t\t<a href=\"https:\/\/cisna.net\/about\/strategy\/\">\n\t\t\t\t\t\t\tStrategy\t\t\t\t\t\t\t\t\t\t\t\t\t\t<span class=\"icon\">\n\t\t\t\t\t\t\t\t<i data-feather=\"chevron-right\"><\/i>\n\t\t\t\t\t\t\t<\/span>\n\t\t\t\t\t\t    \t\t\t\t\t\t    \t\t\t\t\t\t\t<span class=\"icon-hover\">\n\t\t\t\t\t\t\t\t<i data-feather=\"arrow-right\"><\/i>\n\t\t\t\t\t\t\t<\/span>\n\t\t\t\t\t\t\t \t\t\t\t\t\t<\/a>\n\n\t\t\t\t\t<\/li>\n\t\t\t\t\t\t\t<\/ul>\n\t\t\t\t\t<\/div>\n\t\t\t\t<\/div>\n\t\t\t\t<\/div>\n\t\t\t\t\t<\/div>\n\t\t<\/div>\n\t\t\t\t\t\t\t<\/div>\n\t\t<\/section>\n\t\t\t\t<section class=\"elementor-section elementor-top-section elementor-element elementor-element-9704586 elementor-section-height-min-height elementor-section-boxed elementor-section-height-default elementor-section-items-middle\" data-id=\"9704586\" data-element_type=\"section\">\n\t\t\t\t\t\t<div class=\"elementor-container elementor-column-gap-default\">\n\t\t\t\t\t<div class=\"elementor-column elementor-col-100 elementor-top-column elementor-element elementor-element-afdca3e\" data-id=\"afdca3e\" data-element_type=\"column\">\n\t\t\t<div class=\"elementor-widget-wrap elementor-element-populated\">\n\t\t\t\t\t\t\t\t<div class=\"elementor-element elementor-element-b1df19f elementor-widget elementor-widget-heading\" data-id=\"b1df19f\" data-element_type=\"widget\" data-widget_type=\"heading.default\">\n\t\t\t\t<div class=\"elementor-widget-container\">\n\t\t\t<h1 class=\"elementor-heading-title elementor-size-default\">SADC <strong>Objectives<\/strong><\/h1>\t\t<\/div>\n\t\t\t\t<\/div>\n\t\t\t\t<section class=\"elementor-section elementor-inner-section elementor-element elementor-element-bae185b elementor-section-boxed elementor-section-height-default elementor-section-height-default\" data-id=\"bae185b\" data-element_type=\"section\">\n\t\t\t\t\t\t<div class=\"elementor-container elementor-column-gap-default\">\n\t\t\t\t\t<div class=\"elementor-column elementor-col-50 elementor-inner-column elementor-element elementor-element-165c768\" data-id=\"165c768\" data-element_type=\"column\">\n\t\t\t<div class=\"elementor-widget-wrap elementor-element-populated\">\n\t\t\t\t\t\t\t\t<div class=\"elementor-element elementor-element-eb9eb3b elementor-widget elementor-widget-text-editor\" data-id=\"eb9eb3b\" data-element_type=\"widget\" data-widget_type=\"text-editor.default\">\n\t\t\t\t<div class=\"elementor-widget-container\">\n\t\t\t\t\t\t\t<div style=\"text-align: left;\"><p style=\"text-align: left;\"><strong><span style=\"color: var( --e-global-color-text ); font-family: var( --e-global-typography-text-font-family ), Sans-serif; font-size: 16px; letter-spacing: 0px;\">The main objectives of SADC are to achieve development, peace and security, and economic growth, to alleviate poverty, enhance the standard and quality of life of the peoples of Southern Africa, and support the socially disadvantaged through regional integration, built on democratic principles and equitable and sustainable development.<\/span><\/strong><\/p><p>The vision of SADC is one of a Common Future, a future within a regional community that will ensure economic well-being, improvement of the standards of living and quality of life, freedom and social justice and peace and security for the people of Southern Africa.<\/p><\/div>\t\t\t\t\t\t<\/div>\n\t\t\t\t<\/div>\n\t\t\t\t\t<\/div>\n\t\t<\/div>\n\t\t\t\t<div class=\"elementor-column elementor-col-50 elementor-inner-column elementor-element elementor-element-19a5a58\" data-id=\"19a5a58\" data-element_type=\"column\">\n\t\t\t<div class=\"elementor-widget-wrap elementor-element-populated\">\n\t\t\t\t\t\t\t\t<div class=\"elementor-element elementor-element-feaed16 elementor-widget elementor-widget-image\" data-id=\"feaed16\" data-element_type=\"widget\" data-widget_type=\"image.default\">\n\t\t\t\t<div class=\"elementor-widget-container\">\n\t\t\t<style>\/*! elementor - v3.16.0 - 17-10-2023 *\/\n.elementor-widget-image{text-align:center}.elementor-widget-image a{display:inline-block}.elementor-widget-image a img[src$=\".svg\"]{width:48px}.elementor-widget-image img{vertical-align:middle;display:inline-block}<\/style>\t\t\t\t\t\t\t\t\t\t\t\t<img loading=\"lazy\" decoding=\"async\" width=\"630\" height=\"260\" src=\"https:\/\/cisna.net\/wp-content\/uploads\/SADC_Objectives.png\" class=\"attachment-large size-large wp-image-6950\" alt=\"\" srcset=\"https:\/\/cisna.net\/wp-content\/uploads\/SADC_Objectives.png 630w, https:\/\/cisna.net\/wp-content\/uploads\/SADC_Objectives-512x211.png 512w, https:\/\/cisna.net\/wp-content\/uploads\/SADC_Objectives-600x248.png 600w, https:\/\/cisna.net\/wp-content\/uploads\/SADC_Objectives-560x231.png 560w\" sizes=\"auto, (max-width: 630px) 100vw, 630px\" \/>\t\t\t\t\t\t\t\t\t\t\t\t\t\t\t<\/div>\n\t\t\t\t<\/div>\n\t\t\t\t\t<\/div>\n\t\t<\/div>\n\t\t\t\t\t\t\t<\/div>\n\t\t<\/section>\n\t\t\t\t\t<\/div>\n\t\t<\/div>\n\t\t\t\t\t\t\t<\/div>\n\t\t<\/section>\n\t\t\t\t<section class=\"elementor-section elementor-top-section elementor-element elementor-element-68713a2 elementor-section-boxed elementor-section-height-default elementor-section-height-default\" data-id=\"68713a2\" data-element_type=\"section\">\n\t\t\t\t\t\t<div class=\"elementor-container elementor-column-gap-default\">\n\t\t\t\t\t<div class=\"elementor-column elementor-col-100 elementor-top-column elementor-element elementor-element-8f34941\" data-id=\"8f34941\" data-element_type=\"column\">\n\t\t\t<div class=\"elementor-widget-wrap elementor-element-populated\">\n\t\t\t\t\t\t\t\t<div class=\"elementor-element elementor-element-836a58c elementor-widget elementor-widget-heading\" data-id=\"836a58c\" data-element_type=\"widget\" data-widget_type=\"heading.default\">\n\t\t\t\t<div class=\"elementor-widget-container\">\n\t\t\t<h1 class=\"elementor-heading-title elementor-size-default\">SADC Vision and Mission<\/h1>\t\t<\/div>\n\t\t\t\t<\/div>\n\t\t\t\t\t<\/div>\n\t\t<\/div>\n\t\t\t\t\t\t\t<\/div>\n\t\t<\/section>\n\t\t\t\t<section class=\"elementor-section elementor-top-section elementor-element elementor-element-1d0e223 elementor-section-boxed elementor-section-height-default elementor-section-height-default\" data-id=\"1d0e223\" data-element_type=\"section\">\n\t\t\t\t\t\t<div class=\"elementor-container elementor-column-gap-default\">\n\t\t\t\t\t<div class=\"elementor-column elementor-col-33 elementor-top-column elementor-element elementor-element-52e0879\" data-id=\"52e0879\" data-element_type=\"column\">\n\t\t\t<div class=\"elementor-widget-wrap elementor-element-populated\">\n\t\t\t\t\t\t\t\t<div class=\"elementor-element elementor-element-2ffad2c elementor-widget elementor-widget-text-editor\" data-id=\"2ffad2c\" data-element_type=\"widget\" data-widget_type=\"text-editor.default\">\n\t\t\t\t<div class=\"elementor-widget-container\">\n\t\t\t\t\t\t\t<div style=\"text-align: left;\"><h2 style=\"text-align: left;\"><span style=\"color: #d4af37;\">Vision<\/span><\/h2><p>The SADC Vision is to build a region in which there will be a high degree of harmonisation and rationalisation, to enable the pooling of resources to achieve collective self-reliance in order to improve the living standards of the people of the region.<\/p><p>The vision of SADC is one of a Common Future, a future within a regional community that will ensure economic well-being, improvement of the standards of living and quality of life, freedom and social justice and peace and security for the people of Southern Africa.<\/p><\/div>\t\t\t\t\t\t<\/div>\n\t\t\t\t<\/div>\n\t\t\t\t\t<\/div>\n\t\t<\/div>\n\t\t\t\t<div class=\"elementor-column elementor-col-33 elementor-top-column elementor-element elementor-element-c7ce657\" data-id=\"c7ce657\" data-element_type=\"column\">\n\t\t\t<div class=\"elementor-widget-wrap elementor-element-populated\">\n\t\t\t\t\t\t\t\t<div class=\"elementor-element elementor-element-40dbe94 elementor-widget elementor-widget-text-editor\" data-id=\"40dbe94\" data-element_type=\"widget\" data-widget_type=\"text-editor.default\">\n\t\t\t\t<div class=\"elementor-widget-container\">\n\t\t\t\t\t\t\t<div style=\"text-align: left;\"><h2><span style=\"color: #d4af37;\">Mission<\/span><\/h2><p>The Southern African Development Community (SADC) Mission Statement is to promote sustainable and equitable economic growth and socio-economic development through efficient, productive systems, deeper co-operation and integration, good governance, and durable peace and security; so that the region emerges as a competitive and effective player in international relations and the world economy<\/p><\/div>\t\t\t\t\t\t<\/div>\n\t\t\t\t<\/div>\n\t\t\t\t\t<\/div>\n\t\t<\/div>\n\t\t\t\t<div class=\"elementor-column elementor-col-33 elementor-top-column elementor-element elementor-element-cfc9535\" data-id=\"cfc9535\" data-element_type=\"column\">\n\t\t\t<div class=\"elementor-widget-wrap elementor-element-populated\">\n\t\t\t\t\t\t\t\t<div class=\"elementor-element elementor-element-a165769 elementor-widget elementor-widget-image\" data-id=\"a165769\" data-element_type=\"widget\" data-widget_type=\"image.default\">\n\t\t\t\t<div class=\"elementor-widget-container\">\n\t\t\t\t\t\t\t\t\t\t\t\t\t\t\t<img loading=\"lazy\" decoding=\"async\" width=\"800\" height=\"530\" src=\"https:\/\/cisna.net\/wp-content\/uploads\/business-success-concept-word-vision-mission-wooden-cube-over-gently-lit-dark-background-business-success-concept-word-vision-144798377.jpg\" class=\"attachment-full size-full wp-image-6559\" alt=\"\" srcset=\"https:\/\/cisna.net\/wp-content\/uploads\/business-success-concept-word-vision-mission-wooden-cube-over-gently-lit-dark-background-business-success-concept-word-vision-144798377.jpg 800w, https:\/\/cisna.net\/wp-content\/uploads\/business-success-concept-word-vision-mission-wooden-cube-over-gently-lit-dark-background-business-success-concept-word-vision-144798377-512x339.jpg 512w, https:\/\/cisna.net\/wp-content\/uploads\/business-success-concept-word-vision-mission-wooden-cube-over-gently-lit-dark-background-business-success-concept-word-vision-144798377-768x509.jpg 768w, https:\/\/cisna.net\/wp-content\/uploads\/business-success-concept-word-vision-mission-wooden-cube-over-gently-lit-dark-background-business-success-concept-word-vision-144798377-600x398.jpg 600w, https:\/\/cisna.net\/wp-content\/uploads\/business-success-concept-word-vision-mission-wooden-cube-over-gently-lit-dark-background-business-success-concept-word-vision-144798377-560x371.jpg 560w\" sizes=\"auto, (max-width: 800px) 100vw, 800px\" \/>\t\t\t\t\t\t\t\t\t\t\t\t\t\t\t<\/div>\n\t\t\t\t<\/div>\n\t\t\t\t\t<\/div>\n\t\t<\/div>\n\t\t\t\t\t\t\t<\/div>\n\t\t<\/section>\n\t\t\t\t\t\t\t<\/div>\n\t\t","protected":false},"excerpt":{"rendered":"<p>SADC La Communaut\u00e9 de d\u00e9veloppement de l&#8217;Afrique australe (SADC) a \u00e9t\u00e9 cr\u00e9\u00e9e en 1980 en tant que conf\u00e9rence de coordination du d\u00e9veloppement (SADCC) et s&#8217;est transform\u00e9e en communaut\u00e9 de d\u00e9veloppement en 1992. Il s&#8217;agit d&#8217;une organisation intergouvernementale dont l&#8217;objectif est de promouvoir une croissance \u00e9conomique et un d\u00e9veloppement socio-\u00e9conomique durables et \u00e9quitables gr\u00e2ce \u00e0 des [&hellip;]<\/p>\n","protected":false},"author":10,"featured_media":5406,"parent":0,"menu_order":0,"comment_status":"closed","ping_status":"closed","template":"elementor_header_footer","meta":{"footnotes":""},"class_list":["post-8689","page","type-page","status-publish","has-post-thumbnail","hentry"],"yoast_head":"<!-- This site is optimized with the Yoast SEO plugin v21.4 - https:\/\/yoast.com\/wordpress\/plugins\/seo\/ -->\n<title>A propos de la SADC - cisna Secretariat Site<\/title>\n<meta name=\"robots\" content=\"index, follow, max-snippet:-1, max-image-preview:large, max-video-preview:-1\" \/>\n<link rel=\"canonical\" href=\"https:\/\/cisna.net\/fr\/a-propos-de-la-sadc\/\" \/>\n<meta property=\"og:locale\" content=\"fr_FR\" \/>\n<meta property=\"og:type\" content=\"article\" \/>\n<meta property=\"og:title\" content=\"A propos de la SADC - cisna Secretariat Site\" \/>\n<meta property=\"og:description\" content=\"SADC La Communaut\u00e9 de d\u00e9veloppement de l&#8217;Afrique australe (SADC) a \u00e9t\u00e9 cr\u00e9\u00e9e en 1980 en tant que conf\u00e9rence de coordination du d\u00e9veloppement (SADCC) et s&#8217;est transform\u00e9e en communaut\u00e9 de d\u00e9veloppement en 1992. Il s&#8217;agit d&#8217;une organisation intergouvernementale dont l&#8217;objectif est de promouvoir une croissance \u00e9conomique et un d\u00e9veloppement socio-\u00e9conomique durables et \u00e9quitables gr\u00e2ce \u00e0 des [&hellip;]\" \/>\n<meta property=\"og:url\" content=\"https:\/\/cisna.net\/fr\/a-propos-de-la-sadc\/\" \/>\n<meta property=\"og:site_name\" content=\"cisna Secretariat Site\" \/>\n<meta property=\"og:image\" content=\"https:\/\/cisna.net\/wp-content\/uploads\/SADC_Objectives.png\" \/>\n<meta name=\"twitter:card\" content=\"summary_large_image\" \/>\n<meta name=\"twitter:label1\" content=\"Dur\u00e9e de lecture estim\u00e9e\" \/>\n\t<meta name=\"twitter:data1\" content=\"2 minutes\" \/>\n<script type=\"application\/ld+json\" class=\"yoast-schema-graph\">{\"@context\":\"https:\/\/schema.org\",\"@graph\":[{\"@type\":\"WebPage\",\"@id\":\"https:\/\/cisna.net\/fr\/a-propos-de-la-sadc\/\",\"url\":\"https:\/\/cisna.net\/fr\/a-propos-de-la-sadc\/\",\"name\":\"A propos de la SADC - cisna Secretariat Site\",\"isPartOf\":{\"@id\":\"https:\/\/cisna.net\/fr\/#website\"},\"datePublished\":\"2022-10-20T07:21:52+00:00\",\"dateModified\":\"2022-10-20T07:21:52+00:00\",\"breadcrumb\":{\"@id\":\"https:\/\/cisna.net\/fr\/a-propos-de-la-sadc\/#breadcrumb\"},\"inLanguage\":\"fr-FR\",\"potentialAction\":[{\"@type\":\"ReadAction\",\"target\":[\"https:\/\/cisna.net\/fr\/a-propos-de-la-sadc\/\"]}]},{\"@type\":\"BreadcrumbList\",\"@id\":\"https:\/\/cisna.net\/fr\/a-propos-de-la-sadc\/#breadcrumb\",\"itemListElement\":[{\"@type\":\"ListItem\",\"position\":1,\"name\":\"Home\",\"item\":\"https:\/\/cisna.net\/fr\/\"},{\"@type\":\"ListItem\",\"position\":2,\"name\":\"A propos de la SADC\"}]},{\"@type\":\"WebSite\",\"@id\":\"https:\/\/cisna.net\/fr\/#website\",\"url\":\"https:\/\/cisna.net\/fr\/\",\"name\":\"cisna Secretariat Site\",\"description\":\"Committee of Insurance, Securities and Non-Banking Financial Authorities (CISNA)\",\"publisher\":{\"@id\":\"https:\/\/cisna.net\/fr\/#organization\"},\"potentialAction\":[{\"@type\":\"SearchAction\",\"target\":{\"@type\":\"EntryPoint\",\"urlTemplate\":\"https:\/\/cisna.net\/fr\/?s={search_term_string}\"},\"query-input\":\"required name=search_term_string\"}],\"inLanguage\":\"fr-FR\"},{\"@type\":\"Organization\",\"@id\":\"https:\/\/cisna.net\/fr\/#organization\",\"name\":\"cisna Secretariat Site\",\"url\":\"https:\/\/cisna.net\/fr\/\",\"logo\":{\"@type\":\"ImageObject\",\"inLanguage\":\"fr-FR\",\"@id\":\"https:\/\/cisna.net\/fr\/#\/schema\/logo\/image\/\",\"url\":\"https:\/\/cisna.net\/wp-content\/uploads\/logo-cisna.png\",\"contentUrl\":\"https:\/\/cisna.net\/wp-content\/uploads\/logo-cisna.png\",\"width\":543,\"height\":543,\"caption\":\"cisna Secretariat Site\"},\"image\":{\"@id\":\"https:\/\/cisna.net\/fr\/#\/schema\/logo\/image\/\"}}]}<\/script>\n<!-- \/ Yoast SEO plugin. -->","yoast_head_json":{"title":"A propos de la SADC - cisna Secretariat Site","robots":{"index":"index","follow":"follow","max-snippet":"max-snippet:-1","max-image-preview":"max-image-preview:large","max-video-preview":"max-video-preview:-1"},"canonical":"https:\/\/cisna.net\/fr\/a-propos-de-la-sadc\/","og_locale":"fr_FR","og_type":"article","og_title":"A propos de la SADC - cisna Secretariat Site","og_description":"SADC La Communaut\u00e9 de d\u00e9veloppement de l&#8217;Afrique australe (SADC) a \u00e9t\u00e9 cr\u00e9\u00e9e en 1980 en tant que conf\u00e9rence de coordination du d\u00e9veloppement (SADCC) et s&#8217;est transform\u00e9e en communaut\u00e9 de d\u00e9veloppement en 1992. Il s&#8217;agit d&#8217;une organisation intergouvernementale dont l&#8217;objectif est de promouvoir une croissance \u00e9conomique et un d\u00e9veloppement socio-\u00e9conomique durables et \u00e9quitables gr\u00e2ce \u00e0 des [&hellip;]","og_url":"https:\/\/cisna.net\/fr\/a-propos-de-la-sadc\/","og_site_name":"cisna Secretariat Site","og_image":[{"url":"https:\/\/cisna.net\/wp-content\/uploads\/SADC_Objectives.png"}],"twitter_card":"summary_large_image","twitter_misc":{"Dur\u00e9e de lecture estim\u00e9e":"2 minutes"},"schema":{"@context":"https:\/\/schema.org","@graph":[{"@type":"WebPage","@id":"https:\/\/cisna.net\/fr\/a-propos-de-la-sadc\/","url":"https:\/\/cisna.net\/fr\/a-propos-de-la-sadc\/","name":"A propos de la SADC - cisna Secretariat Site","isPartOf":{"@id":"https:\/\/cisna.net\/fr\/#website"},"datePublished":"2022-10-20T07:21:52+00:00","dateModified":"2022-10-20T07:21:52+00:00","breadcrumb":{"@id":"https:\/\/cisna.net\/fr\/a-propos-de-la-sadc\/#breadcrumb"},"inLanguage":"fr-FR","potentialAction":[{"@type":"ReadAction","target":["https:\/\/cisna.net\/fr\/a-propos-de-la-sadc\/"]}]},{"@type":"BreadcrumbList","@id":"https:\/\/cisna.net\/fr\/a-propos-de-la-sadc\/#breadcrumb","itemListElement":[{"@type":"ListItem","position":1,"name":"Home","item":"https:\/\/cisna.net\/fr\/"},{"@type":"ListItem","position":2,"name":"A propos de la SADC"}]},{"@type":"WebSite","@id":"https:\/\/cisna.net\/fr\/#website","url":"https:\/\/cisna.net\/fr\/","name":"cisna Secretariat Site","description":"Committee of Insurance, Securities and Non-Banking Financial Authorities (CISNA)","publisher":{"@id":"https:\/\/cisna.net\/fr\/#organization"},"potentialAction":[{"@type":"SearchAction","target":{"@type":"EntryPoint","urlTemplate":"https:\/\/cisna.net\/fr\/?s={search_term_string}"},"query-input":"required name=search_term_string"}],"inLanguage":"fr-FR"},{"@type":"Organization","@id":"https:\/\/cisna.net\/fr\/#organization","name":"cisna Secretariat Site","url":"https:\/\/cisna.net\/fr\/","logo":{"@type":"ImageObject","inLanguage":"fr-FR","@id":"https:\/\/cisna.net\/fr\/#\/schema\/logo\/image\/","url":"https:\/\/cisna.net\/wp-content\/uploads\/logo-cisna.png","contentUrl":"https:\/\/cisna.net\/wp-content\/uploads\/logo-cisna.png","width":543,"height":543,"caption":"cisna Secretariat Site"},"image":{"@id":"https:\/\/cisna.net\/fr\/#\/schema\/logo\/image\/"}}]}},"_links":{"self":[{"href":"https:\/\/cisna.net\/fr\/wp-json\/wp\/v2\/pages\/8689","targetHints":{"allow":["GET"]}}],"collection":[{"href":"https:\/\/cisna.net\/fr\/wp-json\/wp\/v2\/pages"}],"about":[{"href":"https:\/\/cisna.net\/fr\/wp-json\/wp\/v2\/types\/page"}],"author":[{"embeddable":true,"href":"https:\/\/cisna.net\/fr\/wp-json\/wp\/v2\/users\/10"}],"replies":[{"embeddable":true,"href":"https:\/\/cisna.net\/fr\/wp-json\/wp\/v2\/comments?post=8689"}],"version-history":[{"count":0,"href":"https:\/\/cisna.net\/fr\/wp-json\/wp\/v2\/pages\/8689\/revisions"}],"wp:featuredmedia":[{"embeddable":true,"href":"https:\/\/cisna.net\/fr\/wp-json\/wp\/v2\/media\/5406"}],"wp:attachment":[{"href":"https:\/\/cisna.net\/fr\/wp-json\/wp\/v2\/media?parent=8689"}],"curies":[{"name":"wp","href":"https:\/\/api.w.org\/{rel}","templated":true}]}}