{"id":6771,"date":"2022-05-18T16:18:39","date_gmt":"2022-05-18T12:18:39","guid":{"rendered":"https:\/\/cisna.net\/cisna-multilateral-memorandum-of-understanding-mmou\/"},"modified":"2022-05-27T17:01:50","modified_gmt":"2022-05-27T13:01:50","slug":"cisna-multilateral-memorandum-of-understanding-mmou","status":"publish","type":"page","link":"https:\/\/cisna.net\/fr\/cisna-multilateral-memorandum-of-understanding-mmou\/","title":{"rendered":"CISNA Multilateral Memorandum of Understanding (MMoU)"},"content":{"rendered":"\t\t<div data-elementor-type=\"wp-page\" data-elementor-id=\"6771\" class=\"elementor elementor-6771\">\n\t\t\t\t\t\t\t\t\t<section class=\"elementor-section elementor-top-section elementor-element elementor-element-3c6c217 elementor-section-boxed elementor-section-height-default elementor-section-height-default\" data-id=\"3c6c217\" data-element_type=\"section\">\n\t\t\t\t\t\t<div class=\"elementor-container elementor-column-gap-default\">\n\t\t\t\t\t<div class=\"elementor-column elementor-col-100 elementor-top-column elementor-element elementor-element-d30463e\" data-id=\"d30463e\" data-element_type=\"column\">\n\t\t\t<div class=\"elementor-widget-wrap elementor-element-populated\">\n\t\t\t\t\t\t\t\t<div class=\"elementor-element elementor-element-c34e13f elementor-widget elementor-widget-text-editor\" data-id=\"c34e13f\" data-element_type=\"widget\" data-widget_type=\"text-editor.default\">\n\t\t\t\t<div class=\"elementor-widget-container\">\n\t\t\t<style>\/*! elementor - v3.16.0 - 17-10-2023 *\/\n.elementor-widget-text-editor.elementor-drop-cap-view-stacked .elementor-drop-cap{background-color:#69727d;color:#fff}.elementor-widget-text-editor.elementor-drop-cap-view-framed .elementor-drop-cap{color:#69727d;border:3px solid;background-color:transparent}.elementor-widget-text-editor:not(.elementor-drop-cap-view-default) .elementor-drop-cap{margin-top:8px}.elementor-widget-text-editor:not(.elementor-drop-cap-view-default) .elementor-drop-cap-letter{width:1em;height:1em}.elementor-widget-text-editor .elementor-drop-cap{float:left;text-align:center;line-height:1;font-size:50px}.elementor-widget-text-editor .elementor-drop-cap-letter{display:inline-block}<\/style>\t\t\t\t<h1>CISNA Multilateral Memorandum of Understanding (MMoU)<\/h1>\t\t\t\t\t\t<\/div>\n\t\t\t\t<\/div>\n\t\t\t\t\t<\/div>\n\t\t<\/div>\n\t\t\t\t\t\t\t<\/div>\n\t\t<\/section>\n\t\t\t\t<section class=\"elementor-section elementor-top-section elementor-element elementor-element-b51d2e4 elementor-section-boxed elementor-section-height-default elementor-section-height-default\" data-id=\"b51d2e4\" data-element_type=\"section\">\n\t\t\t\t\t\t<div class=\"elementor-container elementor-column-gap-default\">\n\t\t\t\t\t<div class=\"elementor-column elementor-col-50 elementor-top-column elementor-element elementor-element-1946527\" data-id=\"1946527\" data-element_type=\"column\">\n\t\t\t<div class=\"elementor-widget-wrap elementor-element-populated\">\n\t\t\t\t\t\t\t\t<div class=\"elementor-element elementor-element-4d6412d elementor-widget elementor-widget-text-editor\" data-id=\"4d6412d\" data-element_type=\"widget\" data-widget_type=\"text-editor.default\">\n\t\t\t\t<div class=\"elementor-widget-container\">\n\t\t\t\t\t\t\t<h3 style=\"text-align: justify;\">The CSINA MMoU sets forth a statement of intent to establish a framework of mutual assistance and to facilitate the exchange of information between regulators to enforce governing laws, regulations and rules in their respective jurisdictions.<\/h3>\n<div style=\"text-align: justify;\">\n<p style=\"text-align: justify;\">The MMoU also establishes a general framework for co-operation and consultation between CISNA Authorities in order to facilitate the increased effectiveness of regulatory and supervisory activities in the region.<\/p>\n\n<\/div>\t\t\t\t\t\t<\/div>\n\t\t\t\t<\/div>\n\t\t\t\t\t<\/div>\n\t\t<\/div>\n\t\t\t\t<div class=\"elementor-column elementor-col-50 elementor-top-column elementor-element elementor-element-23dbd11\" data-id=\"23dbd11\" data-element_type=\"column\">\n\t\t\t<div class=\"elementor-widget-wrap elementor-element-populated\">\n\t\t\t\t\t\t\t\t<div class=\"elementor-element elementor-element-df6f896 elementor-widget elementor-widget-image\" data-id=\"df6f896\" data-element_type=\"widget\" data-widget_type=\"image.default\">\n\t\t\t\t<div class=\"elementor-widget-container\">\n\t\t\t<style>\/*! elementor - v3.16.0 - 17-10-2023 *\/\n.elementor-widget-image{text-align:center}.elementor-widget-image a{display:inline-block}.elementor-widget-image a img[src$=\".svg\"]{width:48px}.elementor-widget-image img{vertical-align:middle;display:inline-block}<\/style>\t\t\t\t\t\t\t\t\t\t\t\t<img loading=\"lazy\" decoding=\"async\" width=\"1024\" height=\"576\" src=\"https:\/\/cisna.net\/wp-content\/uploads\/parliament-1024x576.jpg\" class=\"attachment-large size-large wp-image-6355\" alt=\"\" srcset=\"https:\/\/cisna.net\/wp-content\/uploads\/parliament-1024x576.jpg 1024w, https:\/\/cisna.net\/wp-content\/uploads\/parliament-512x288.jpg 512w, https:\/\/cisna.net\/wp-content\/uploads\/parliament-768x432.jpg 768w, https:\/\/cisna.net\/wp-content\/uploads\/parliament-1536x864.jpg 1536w, https:\/\/cisna.net\/wp-content\/uploads\/parliament-600x338.jpg 600w, https:\/\/cisna.net\/wp-content\/uploads\/parliament-560x315.jpg 560w, https:\/\/cisna.net\/wp-content\/uploads\/parliament.jpg 1920w\" sizes=\"auto, (max-width: 1024px) 100vw, 1024px\" \/>\t\t\t\t\t\t\t\t\t\t\t\t\t\t\t<\/div>\n\t\t\t\t<\/div>\n\t\t\t\t\t<\/div>\n\t\t<\/div>\n\t\t\t\t\t\t\t<\/div>\n\t\t<\/section>\n\t\t\t\t<section class=\"elementor-section elementor-top-section elementor-element elementor-element-5e81873 elementor-section-boxed elementor-section-height-default elementor-section-height-default\" data-id=\"5e81873\" data-element_type=\"section\">\n\t\t\t\t\t\t<div class=\"elementor-container elementor-column-gap-default\">\n\t\t\t\t\t<div class=\"elementor-column elementor-col-100 elementor-top-column elementor-element elementor-element-bebb29a\" data-id=\"bebb29a\" data-element_type=\"column\">\n\t\t\t<div class=\"elementor-widget-wrap elementor-element-populated\">\n\t\t\t\t\t\t\t\t<div class=\"elementor-element elementor-element-8c4f526 elementor-widget elementor-widget-text-editor\" data-id=\"8c4f526\" data-element_type=\"widget\" data-widget_type=\"text-editor.default\">\n\t\t\t\t<div class=\"elementor-widget-container\">\n\t\t\t\t\t\t\t<h2>Schedule 1: Member Authorities<\/h2>\t\t\t\t\t\t<\/div>\n\t\t\t\t<\/div>\n\t\t\t\t\t<\/div>\n\t\t<\/div>\n\t\t\t\t\t\t\t<\/div>\n\t\t<\/section>\n\t\t\t\t<section class=\"elementor-section elementor-top-section elementor-element elementor-element-e40e39b elementor-section-boxed elementor-section-height-default elementor-section-height-default\" data-id=\"e40e39b\" data-element_type=\"section\">\n\t\t\t\t\t\t<div class=\"elementor-container elementor-column-gap-default\">\n\t\t\t\t\t<div class=\"elementor-column elementor-col-50 elementor-top-column elementor-element elementor-element-e90d2ed\" data-id=\"e90d2ed\" data-element_type=\"column\">\n\t\t\t<div class=\"elementor-widget-wrap elementor-element-populated\">\n\t\t\t\t\t\t\t\t<div class=\"elementor-element elementor-element-afd6c1f elementor-widget elementor-widget-ova_box_resource\" data-id=\"afd6c1f\" data-element_type=\"widget\" data-widget_type=\"ova_box_resource.default\">\n\t\t\t\t<div class=\"elementor-widget-container\">\n\t\t\t\t\t<div class=\"ova_box_resource \">\n\t\t\t\t\t\t\t\t\t\t\t\t<ul class=\"content\">\n\t\t\t\t\t\t\t\t\t<li class=\"item\">\n\t\t\t\t\t\t<a href=\"#\" class=\"second_font\">\n\t\t\t\t\t\t\tAngolan agency for insurance regulation and supervision (arseg), formely known as instituto de supervisao der seguros\t\t\t\t\t\t<\/a>\n\t\t\t\t\t<\/li>\n\t\t\t\t\t\t\t\t\t<li class=\"item\">\n\t\t\t\t\t\t<a href=\"#\" class=\"second_font\">\n\t\t\t\t\t\t\t Comissao do mercado de capitais of angola\t\t\t\t\t\t<\/a>\n\t\t\t\t\t<\/li>\n\t\t\t\t\t\t\t\t\t<li class=\"item\">\n\t\t\t\t\t\t<a href=\"#\" class=\"second_font\">\n\t\t\t\t\t\t\tMinistry of finance &amp; development planning of botswana\t\t\t\t\t\t<\/a>\n\t\t\t\t\t<\/li>\n\t\t\t\t\t\t\t\t\t<li class=\"item\">\n\t\t\t\t\t\t<a href=\"#\" class=\"second_font\">\n\t\t\t\t\t\t\tNon-banking financial institutions regulatory authority of botswana\t\t\t\t\t\t<\/a>\n\t\t\t\t\t<\/li>\n\t\t\t\t\t\t\t\t\t<li class=\"item\">\n\t\t\t\t\t\t<a href=\"#\" class=\"second_font\">\n\t\t\t\t\t\t\tCentral bank of lesotho\t\t\t\t\t\t<\/a>\n\t\t\t\t\t<\/li>\n\t\t\t\t\t\t\t\t\t<li class=\"item\">\n\t\t\t\t\t\t<a href=\"#\" class=\"second_font\">\n\t\t\t\t\t\t\tReserve bank of malawi\t\t\t\t\t\t<\/a>\n\t\t\t\t\t<\/li>\n\t\t\t\t\t\t\t\t\t<li class=\"item\">\n\t\t\t\t\t\t<a href=\"#\" class=\"second_font\">\n\t\t\t\t\t\t\tFinancial services commission of mauritius\t\t\t\t\t\t<\/a>\n\t\t\t\t\t<\/li>\n\t\t\t\t\t\t\t\t\t<li class=\"item\">\n\t\t\t\t\t\t<a href=\"#\" class=\"second_font\">\n\t\t\t\t\t\t\tBank of mozambique\t\t\t\t\t\t<\/a>\n\t\t\t\t\t<\/li>\n\t\t\t\t\t\t\t\t\t<li class=\"item\">\n\t\t\t\t\t\t<a href=\"#\" class=\"second_font\">\n\t\t\t\t\t\t\tInsurance supervisory institute of mozambique (issm), formerly known as insurance general inspection\t\t\t\t\t\t<\/a>\n\t\t\t\t\t<\/li>\n\t\t\t\t\t\t\t\t\t<li class=\"item\">\n\t\t\t\t\t\t<a href=\"#\" class=\"second_font\">\n\t\t\t\t\t\t\tNamibia financial institutions supervisory authority\t\t\t\t\t\t<\/a>\n\t\t\t\t\t<\/li>\n\t\t\t\t\t\t\t\t\t<li class=\"item\">\n\t\t\t\t\t\t<a href=\"#\" class=\"second_font\">\n\t\t\t\t\t\t\tFinancial services authority of seychelles (fsra), formerly known as seychelles international business authority\t\t\t\t\t\t<\/a>\n\t\t\t\t\t<\/li>\n\t\t\t\t\t\t\t\t\t<li class=\"item\">\n\t\t\t\t\t\t<a href=\"#\" class=\"second_font\">\n\t\t\t\t\t\t\tFinancial sector conduct authority, formerly known as financial services board of south africa\t\t\t\t\t\t<\/a>\n\t\t\t\t\t<\/li>\n\t\t\t\t\t\t\t\t\t<li class=\"item\">\n\t\t\t\t\t\t<a href=\"#\" class=\"second_font\">\n\t\t\t\t\t\t\tFinancial services regulatory authority of swaziland\t\t\t\t\t\t<\/a>\n\t\t\t\t\t<\/li>\n\t\t\t\t\t\t\t<\/ul>\n\t\t\t\t\t\t\n\t\t\t\n\t\t<\/div>\n\t\t\t\t<\/div>\n\t\t\t\t<\/div>\n\t\t\t\t\t<\/div>\n\t\t<\/div>\n\t\t\t\t<div class=\"elementor-column elementor-col-50 elementor-top-column elementor-element elementor-element-40733df\" data-id=\"40733df\" data-element_type=\"column\">\n\t\t\t<div class=\"elementor-widget-wrap elementor-element-populated\">\n\t\t\t\t\t\t\t\t<div class=\"elementor-element elementor-element-a2f569f elementor-widget elementor-widget-ova_box_resource\" data-id=\"a2f569f\" data-element_type=\"widget\" data-widget_type=\"ova_box_resource.default\">\n\t\t\t\t<div class=\"elementor-widget-container\">\n\t\t\t\t\t<div class=\"ova_box_resource \">\n\t\t\t\t\t\t\t\t\t\t\t\t<ul class=\"content\">\n\t\t\t\t\t\t\t\t\t<li class=\"item\">\n\t\t\t\t\t\t<a href=\"#\" class=\"second_font\">\n\t\t\t\t\t\t\tTanzania insurance regulatory authority (tira), formerly known as insurance supervisory department\t\t\t\t\t\t<\/a>\n\t\t\t\t\t<\/li>\n\t\t\t\t\t\t\t\t\t<li class=\"item\">\n\t\t\t\t\t\t<a href=\"#\" class=\"second_font\">\n\t\t\t\t\t\t\tCapital markets and securities authority of tanzania\t\t\t\t\t\t<\/a>\n\t\t\t\t\t<\/li>\n\t\t\t\t\t\t\t\t\t<li class=\"item\">\n\t\t\t\t\t\t<a href=\"#\" class=\"second_font\">\n\t\t\t\t\t\t\tPensions and insurance authority of zambia\t\t\t\t\t\t<\/a>\n\t\t\t\t\t<\/li>\n\t\t\t\t\t\t\t\t\t<li class=\"item\">\n\t\t\t\t\t\t<a href=\"#\" class=\"second_font\">\n\t\t\t\t\t\t\tSecurities and exchange commission of zambia\t\t\t\t\t\t<\/a>\n\t\t\t\t\t<\/li>\n\t\t\t\t\t\t\t\t\t<li class=\"item\">\n\t\t\t\t\t\t<a href=\"#\" class=\"second_font\">\n\t\t\t\t\t\t\tInsurance and pensions commission of zimbabwe\t\t\t\t\t\t<\/a>\n\t\t\t\t\t<\/li>\n\t\t\t\t\t\t\t\t\t<li class=\"item\">\n\t\t\t\t\t\t<a href=\"#\" class=\"second_font\">\n\t\t\t\t\t\t\tReserve bank of zimbabwe\t\t\t\t\t\t<\/a>\n\t\t\t\t\t<\/li>\n\t\t\t\t\t\t\t\t\t<li class=\"item\">\n\t\t\t\t\t\t<a href=\"#\" class=\"second_font\">\n\t\t\t\t\t\t\tSecurities and exchange commission of zimbabwe, formerly known as securities commission of zimbabwe\t\t\t\t\t\t<\/a>\n\t\t\t\t\t<\/li>\n\t\t\t\t\t\t\t\t\t<li class=\"item\">\n\t\t\t\t\t\t<a href=\"#\" class=\"second_font\">\n\t\t\t\t\t\t\tCouncil for medical schemes of south africa\t\t\t\t\t\t<\/a>\n\t\t\t\t\t<\/li>\n\t\t\t\t\t\t\t\t\t<li class=\"item\">\n\t\t\t\t\t\t<a href=\"#\" class=\"second_font\">\n\t\t\t\t\t\t\tSocial security regulatory authority of tanzania\t\t\t\t\t\t<\/a>\n\t\t\t\t\t<\/li>\n\t\t\t\t\t\t\t\t\t<li class=\"item\">\n\t\t\t\t\t\t<a href=\"#\" class=\"second_font\">\n\t\t\t\t\t\t\tBank of zambia\t\t\t\t\t\t<\/a>\n\t\t\t\t\t<\/li>\n\t\t\t\t\t\t\t\t\t<li class=\"item\">\n\t\t\t\t\t\t<a href=\"#\" class=\"second_font\">\n\t\t\t\t\t\t\tDepartment for co-operative development: ministry of investment trade and industry of botswana\t\t\t\t\t\t<\/a>\n\t\t\t\t\t<\/li>\n\t\t\t\t\t\t\t\t\t<li class=\"item\">\n\t\t\t\t\t\t<a href=\"#\" class=\"second_font\">\n\t\t\t\t\t\t\tPrudential authority (south africa)\t\t\t\t\t\t<\/a>\n\t\t\t\t\t<\/li>\n\t\t\t\t\t\t\t\t\t<li class=\"item\">\n\t\t\t\t\t\t<a href=\"#\" class=\"second_font\">\n\t\t\t\t\t\t\tAutorit\u00e9 de r\u00e9gulation et de contr\u00f4le des assurances (democratic republic of the congo)\t\t\t\t\t\t<\/a>\n\t\t\t\t\t<\/li>\n\t\t\t\t\t\t\t<\/ul>\n\t\t\t\t\t\t\n\t\t\t\n\t\t<\/div>\n\t\t\t\t<\/div>\n\t\t\t\t<\/div>\n\t\t\t\t\t<\/div>\n\t\t<\/div>\n\t\t\t\t\t\t\t<\/div>\n\t\t<\/section>\n\t\t\t\t\t\t\t<\/div>\n\t\t","protected":false},"excerpt":{"rendered":"<p>CISNA Multilateral Memorandum of Understanding (MMoU) The CSINA MMoU sets forth a statement of intent to establish a framework of mutual assistance and to facilitate the exchange of information between regulators to enforce governing laws, regulations and rules in their respective jurisdictions. The MMoU also establishes a general framework for co-operation and consultation between CISNA [&hellip;]<\/p>\n","protected":false},"author":4,"featured_media":5406,"parent":0,"menu_order":0,"comment_status":"closed","ping_status":"closed","template":"elementor_header_footer","meta":{"footnotes":""},"class_list":["post-6771","page","type-page","status-publish","has-post-thumbnail","hentry"],"yoast_head":"<!-- This site is optimized with the Yoast SEO plugin v21.4 - https:\/\/yoast.com\/wordpress\/plugins\/seo\/ -->\n<title>CISNA Multilateral Memorandum of Understanding (MMoU) - cisna Secretariat Site<\/title>\n<meta name=\"robots\" content=\"index, follow, max-snippet:-1, max-image-preview:large, max-video-preview:-1\" \/>\n<link rel=\"canonical\" href=\"https:\/\/cisna.net\/fr\/cisna-multilateral-memorandum-of-understanding-mmou\/\" \/>\n<meta property=\"og:locale\" content=\"fr_FR\" \/>\n<meta property=\"og:type\" content=\"article\" \/>\n<meta property=\"og:title\" content=\"CISNA Multilateral Memorandum of Understanding (MMoU) - cisna Secretariat Site\" \/>\n<meta property=\"og:description\" content=\"CISNA Multilateral Memorandum of Understanding (MMoU) The CSINA MMoU sets forth a statement of intent to establish a framework of mutual assistance and to facilitate the exchange of information between regulators to enforce governing laws, regulations and rules in their respective jurisdictions. The MMoU also establishes a general framework for co-operation and consultation between CISNA [&hellip;]\" \/>\n<meta property=\"og:url\" content=\"https:\/\/cisna.net\/fr\/cisna-multilateral-memorandum-of-understanding-mmou\/\" \/>\n<meta property=\"og:site_name\" content=\"cisna Secretariat Site\" \/>\n<meta property=\"article:modified_time\" content=\"2022-05-27T13:01:50+00:00\" \/>\n<meta property=\"og:image\" content=\"https:\/\/cisna.net\/wp-content\/uploads\/bg_single_team.jpg\" \/>\n\t<meta property=\"og:image:width\" content=\"1920\" \/>\n\t<meta property=\"og:image:height\" content=\"300\" \/>\n\t<meta property=\"og:image:type\" content=\"image\/jpeg\" \/>\n<meta name=\"twitter:card\" content=\"summary_large_image\" \/>\n<meta name=\"twitter:label1\" content=\"Dur\u00e9e de lecture estim\u00e9e\" \/>\n\t<meta name=\"twitter:data1\" content=\"2 minutes\" \/>\n<script type=\"application\/ld+json\" class=\"yoast-schema-graph\">{\"@context\":\"https:\/\/schema.org\",\"@graph\":[{\"@type\":\"WebPage\",\"@id\":\"https:\/\/cisna.net\/fr\/cisna-multilateral-memorandum-of-understanding-mmou\/\",\"url\":\"https:\/\/cisna.net\/fr\/cisna-multilateral-memorandum-of-understanding-mmou\/\",\"name\":\"CISNA Multilateral Memorandum of Understanding (MMoU) - cisna Secretariat Site\",\"isPartOf\":{\"@id\":\"https:\/\/cisna.net\/fr\/#website\"},\"datePublished\":\"2022-05-18T12:18:39+00:00\",\"dateModified\":\"2022-05-27T13:01:50+00:00\",\"breadcrumb\":{\"@id\":\"https:\/\/cisna.net\/fr\/cisna-multilateral-memorandum-of-understanding-mmou\/#breadcrumb\"},\"inLanguage\":\"fr-FR\",\"potentialAction\":[{\"@type\":\"ReadAction\",\"target\":[\"https:\/\/cisna.net\/fr\/cisna-multilateral-memorandum-of-understanding-mmou\/\"]}]},{\"@type\":\"BreadcrumbList\",\"@id\":\"https:\/\/cisna.net\/fr\/cisna-multilateral-memorandum-of-understanding-mmou\/#breadcrumb\",\"itemListElement\":[{\"@type\":\"ListItem\",\"position\":1,\"name\":\"Home\",\"item\":\"https:\/\/cisna.net\/fr\/\"},{\"@type\":\"ListItem\",\"position\":2,\"name\":\"CISNA Multilateral Memorandum of Understanding (MMoU)\"}]},{\"@type\":\"WebSite\",\"@id\":\"https:\/\/cisna.net\/fr\/#website\",\"url\":\"https:\/\/cisna.net\/fr\/\",\"name\":\"cisna Secretariat Site\",\"description\":\"Committee of Insurance, Securities and Non-Banking Financial Authorities (CISNA)\",\"publisher\":{\"@id\":\"https:\/\/cisna.net\/fr\/#organization\"},\"potentialAction\":[{\"@type\":\"SearchAction\",\"target\":{\"@type\":\"EntryPoint\",\"urlTemplate\":\"https:\/\/cisna.net\/fr\/?s={search_term_string}\"},\"query-input\":\"required name=search_term_string\"}],\"inLanguage\":\"fr-FR\"},{\"@type\":\"Organization\",\"@id\":\"https:\/\/cisna.net\/fr\/#organization\",\"name\":\"cisna Secretariat Site\",\"url\":\"https:\/\/cisna.net\/fr\/\",\"logo\":{\"@type\":\"ImageObject\",\"inLanguage\":\"fr-FR\",\"@id\":\"https:\/\/cisna.net\/fr\/#\/schema\/logo\/image\/\",\"url\":\"https:\/\/cisna.net\/wp-content\/uploads\/logo-cisna.png\",\"contentUrl\":\"https:\/\/cisna.net\/wp-content\/uploads\/logo-cisna.png\",\"width\":543,\"height\":543,\"caption\":\"cisna Secretariat Site\"},\"image\":{\"@id\":\"https:\/\/cisna.net\/fr\/#\/schema\/logo\/image\/\"}}]}<\/script>\n<!-- \/ Yoast SEO plugin. -->","yoast_head_json":{"title":"CISNA Multilateral Memorandum of Understanding (MMoU) - cisna Secretariat Site","robots":{"index":"index","follow":"follow","max-snippet":"max-snippet:-1","max-image-preview":"max-image-preview:large","max-video-preview":"max-video-preview:-1"},"canonical":"https:\/\/cisna.net\/fr\/cisna-multilateral-memorandum-of-understanding-mmou\/","og_locale":"fr_FR","og_type":"article","og_title":"CISNA Multilateral Memorandum of Understanding (MMoU) - cisna Secretariat Site","og_description":"CISNA Multilateral Memorandum of Understanding (MMoU) The CSINA MMoU sets forth a statement of intent to establish a framework of mutual assistance and to facilitate the exchange of information between regulators to enforce governing laws, regulations and rules in their respective jurisdictions. The MMoU also establishes a general framework for co-operation and consultation between CISNA [&hellip;]","og_url":"https:\/\/cisna.net\/fr\/cisna-multilateral-memorandum-of-understanding-mmou\/","og_site_name":"cisna Secretariat Site","article_modified_time":"2022-05-27T13:01:50+00:00","og_image":[{"width":1920,"height":300,"url":"https:\/\/cisna.net\/wp-content\/uploads\/bg_single_team.jpg","type":"image\/jpeg"}],"twitter_card":"summary_large_image","twitter_misc":{"Dur\u00e9e de lecture estim\u00e9e":"2 minutes"},"schema":{"@context":"https:\/\/schema.org","@graph":[{"@type":"WebPage","@id":"https:\/\/cisna.net\/fr\/cisna-multilateral-memorandum-of-understanding-mmou\/","url":"https:\/\/cisna.net\/fr\/cisna-multilateral-memorandum-of-understanding-mmou\/","name":"CISNA Multilateral Memorandum of Understanding (MMoU) - cisna Secretariat Site","isPartOf":{"@id":"https:\/\/cisna.net\/fr\/#website"},"datePublished":"2022-05-18T12:18:39+00:00","dateModified":"2022-05-27T13:01:50+00:00","breadcrumb":{"@id":"https:\/\/cisna.net\/fr\/cisna-multilateral-memorandum-of-understanding-mmou\/#breadcrumb"},"inLanguage":"fr-FR","potentialAction":[{"@type":"ReadAction","target":["https:\/\/cisna.net\/fr\/cisna-multilateral-memorandum-of-understanding-mmou\/"]}]},{"@type":"BreadcrumbList","@id":"https:\/\/cisna.net\/fr\/cisna-multilateral-memorandum-of-understanding-mmou\/#breadcrumb","itemListElement":[{"@type":"ListItem","position":1,"name":"Home","item":"https:\/\/cisna.net\/fr\/"},{"@type":"ListItem","position":2,"name":"CISNA Multilateral Memorandum of Understanding (MMoU)"}]},{"@type":"WebSite","@id":"https:\/\/cisna.net\/fr\/#website","url":"https:\/\/cisna.net\/fr\/","name":"cisna Secretariat Site","description":"Committee of Insurance, Securities and Non-Banking Financial Authorities (CISNA)","publisher":{"@id":"https:\/\/cisna.net\/fr\/#organization"},"potentialAction":[{"@type":"SearchAction","target":{"@type":"EntryPoint","urlTemplate":"https:\/\/cisna.net\/fr\/?s={search_term_string}"},"query-input":"required name=search_term_string"}],"inLanguage":"fr-FR"},{"@type":"Organization","@id":"https:\/\/cisna.net\/fr\/#organization","name":"cisna Secretariat Site","url":"https:\/\/cisna.net\/fr\/","logo":{"@type":"ImageObject","inLanguage":"fr-FR","@id":"https:\/\/cisna.net\/fr\/#\/schema\/logo\/image\/","url":"https:\/\/cisna.net\/wp-content\/uploads\/logo-cisna.png","contentUrl":"https:\/\/cisna.net\/wp-content\/uploads\/logo-cisna.png","width":543,"height":543,"caption":"cisna Secretariat Site"},"image":{"@id":"https:\/\/cisna.net\/fr\/#\/schema\/logo\/image\/"}}]}},"_links":{"self":[{"href":"https:\/\/cisna.net\/fr\/wp-json\/wp\/v2\/pages\/6771","targetHints":{"allow":["GET"]}}],"collection":[{"href":"https:\/\/cisna.net\/fr\/wp-json\/wp\/v2\/pages"}],"about":[{"href":"https:\/\/cisna.net\/fr\/wp-json\/wp\/v2\/types\/page"}],"author":[{"embeddable":true,"href":"https:\/\/cisna.net\/fr\/wp-json\/wp\/v2\/users\/4"}],"replies":[{"embeddable":true,"href":"https:\/\/cisna.net\/fr\/wp-json\/wp\/v2\/comments?post=6771"}],"version-history":[{"count":0,"href":"https:\/\/cisna.net\/fr\/wp-json\/wp\/v2\/pages\/6771\/revisions"}],"wp:featuredmedia":[{"embeddable":true,"href":"https:\/\/cisna.net\/fr\/wp-json\/wp\/v2\/media\/5406"}],"wp:attachment":[{"href":"https:\/\/cisna.net\/fr\/wp-json\/wp\/v2\/media?parent=6771"}],"curies":[{"name":"wp","href":"https:\/\/api.w.org\/{rel}","templated":true}]}}