{"id":6741,"date":"2022-05-17T15:29:52","date_gmt":"2022-05-17T11:29:52","guid":{"rendered":"https:\/\/cisna.net\/membership\/democratic-republic-du-congo\/"},"modified":"2022-08-11T17:04:01","modified_gmt":"2022-08-11T13:04:01","slug":"democratic-republic-du-congo","status":"publish","type":"page","link":"https:\/\/cisna.net\/fr\/membership\/democratic-republic-du-congo\/","title":{"rendered":"Democratic Republic du Congo"},"content":{"rendered":"\t\t<div data-elementor-type=\"wp-page\" data-elementor-id=\"6741\" class=\"elementor elementor-6741\">\n\t\t\t\t\t\t\t\t\t<section class=\"elementor-section elementor-top-section elementor-element elementor-element-bd7e7f8 elementor-section-boxed elementor-section-height-default elementor-section-height-default\" data-id=\"bd7e7f8\" data-element_type=\"section\">\n\t\t\t\t\t\t<div class=\"elementor-container elementor-column-gap-default\">\n\t\t\t\t\t<div class=\"elementor-column elementor-col-50 elementor-top-column elementor-element elementor-element-17f761d\" data-id=\"17f761d\" data-element_type=\"column\">\n\t\t\t<div class=\"elementor-widget-wrap elementor-element-populated\">\n\t\t\t\t\t\t\t\t<div class=\"elementor-element elementor-element-d1cf18f elementor-invisible elementor-widget elementor-widget-image\" data-id=\"d1cf18f\" data-element_type=\"widget\" data-settings=\"{&quot;_animation&quot;:&quot;fadeInLeft&quot;}\" data-widget_type=\"image.default\">\n\t\t\t\t<div class=\"elementor-widget-container\">\n\t\t\t<style>\/*! elementor - v3.16.0 - 17-10-2023 *\/\n.elementor-widget-image{text-align:center}.elementor-widget-image a{display:inline-block}.elementor-widget-image a img[src$=\".svg\"]{width:48px}.elementor-widget-image img{vertical-align:middle;display:inline-block}<\/style>\t\t\t\t\t\t\t\t\t\t\t\t<img loading=\"lazy\" decoding=\"async\" width=\"512\" height=\"512\" src=\"https:\/\/cisna.net\/wp-content\/uploads\/democratic-republic-of-congo-512x512.png\" class=\"attachment-medium size-medium wp-image-6260\" alt=\"\" srcset=\"https:\/\/cisna.net\/wp-content\/uploads\/democratic-republic-of-congo.png 512w, https:\/\/cisna.net\/wp-content\/uploads\/democratic-republic-of-congo-256x256.png 256w\" sizes=\"auto, (max-width: 512px) 100vw, 512px\" \/>\t\t\t\t\t\t\t\t\t\t\t\t\t\t\t<\/div>\n\t\t\t\t<\/div>\n\t\t\t\t\t<\/div>\n\t\t<\/div>\n\t\t\t\t<div class=\"elementor-column elementor-col-50 elementor-top-column elementor-element elementor-element-e50d8f4\" data-id=\"e50d8f4\" data-element_type=\"column\">\n\t\t\t<div class=\"elementor-widget-wrap elementor-element-populated\">\n\t\t\t\t\t\t\t\t<div class=\"elementor-element elementor-element-cd9d4b7 elementor-widget elementor-widget-heading\" data-id=\"cd9d4b7\" data-element_type=\"widget\" data-widget_type=\"heading.default\">\n\t\t\t\t<div class=\"elementor-widget-container\">\n\t\t\t<style>\/*! elementor - v3.16.0 - 17-10-2023 *\/\n.elementor-heading-title{padding:0;margin:0;line-height:1}.elementor-widget-heading .elementor-heading-title[class*=elementor-size-]>a{color:inherit;font-size:inherit;line-height:inherit}.elementor-widget-heading .elementor-heading-title.elementor-size-small{font-size:15px}.elementor-widget-heading .elementor-heading-title.elementor-size-medium{font-size:19px}.elementor-widget-heading .elementor-heading-title.elementor-size-large{font-size:29px}.elementor-widget-heading .elementor-heading-title.elementor-size-xl{font-size:39px}.elementor-widget-heading .elementor-heading-title.elementor-size-xxl{font-size:59px}<\/style><h2 class=\"elementor-heading-title elementor-size-default\">Democratic Republic du Congo<\/h2>\t\t<\/div>\n\t\t\t\t<\/div>\n\t\t\t\t<div class=\"elementor-element elementor-element-317e203 elementor-widget elementor-widget-text-editor\" data-id=\"317e203\" data-element_type=\"widget\" data-widget_type=\"text-editor.default\">\n\t\t\t\t<div class=\"elementor-widget-container\">\n\t\t\t<style>\/*! elementor - v3.16.0 - 17-10-2023 *\/\n.elementor-widget-text-editor.elementor-drop-cap-view-stacked .elementor-drop-cap{background-color:#69727d;color:#fff}.elementor-widget-text-editor.elementor-drop-cap-view-framed .elementor-drop-cap{color:#69727d;border:3px solid;background-color:transparent}.elementor-widget-text-editor:not(.elementor-drop-cap-view-default) .elementor-drop-cap{margin-top:8px}.elementor-widget-text-editor:not(.elementor-drop-cap-view-default) .elementor-drop-cap-letter{width:1em;height:1em}.elementor-widget-text-editor .elementor-drop-cap{float:left;text-align:center;line-height:1;font-size:50px}.elementor-widget-text-editor .elementor-drop-cap-letter{display:inline-block}<\/style>\t\t\t\t<p style=\"text-align: left;\">The Democratic Republic of Congo (DRC), formerly known as the Republic of Zaire, is geographically the largest state in Southern and Central Africa. It is situated at the heart of Africa, and lies on the Equator, covering an area of 2,345,095 km\u00b2. The DRC has 37 kilometres of coastline and a geography characterised by a vast central basin low-lying plateau rising to volcanoes and mountains in the east. More than half the country is covered by dense tropical rainforest. The country is traversed by numerous rivers with the Congo River being the largest.<\/p><p>\u00a0<\/p>\t\t\t\t\t\t<\/div>\n\t\t\t\t<\/div>\n\t\t\t\t\t<\/div>\n\t\t<\/div>\n\t\t\t\t\t\t\t<\/div>\n\t\t<\/section>\n\t\t\t\t<section class=\"elementor-section elementor-top-section elementor-element elementor-element-1372015 egovt-section-column-1370px elementor-section-boxed elementor-section-height-default elementor-section-height-default\" data-id=\"1372015\" data-element_type=\"section\">\n\t\t\t\t\t\t<div class=\"elementor-container elementor-column-gap-default\">\n\t\t\t\t\t<div class=\"elementor-column elementor-col-50 elementor-top-column elementor-element elementor-element-6dc4335\" data-id=\"6dc4335\" data-element_type=\"column\">\n\t\t\t<div class=\"elementor-widget-wrap\">\n\t\t\t\t\t\t\t\t\t<\/div>\n\t\t<\/div>\n\t\t\t\t<div class=\"elementor-column elementor-col-50 elementor-top-column elementor-element elementor-element-fa34310\" data-id=\"fa34310\" data-element_type=\"column\">\n\t\t\t<div class=\"elementor-widget-wrap elementor-element-populated\">\n\t\t\t\t\t\t\t\t<div class=\"elementor-element elementor-element-1ef9e11 elementor-widget elementor-widget-text-editor\" data-id=\"1ef9e11\" data-element_type=\"widget\" data-widget_type=\"text-editor.default\">\n\t\t\t\t<div class=\"elementor-widget-container\">\n\t\t\t\t\t\t\t<h3>Autorit\u00e9 de R\u00e9gulation et de Contr\u00f4le des Assurances<\/h3><p><strong>Head of Authority:\u00a0<\/strong>Mr Alain Kaninda<\/p><p><strong>Sectors being Supervised:\u00a0<\/strong>Insurance Market<\/p>\t\t\t\t\t\t<\/div>\n\t\t\t\t<\/div>\n\t\t\t\t\t<\/div>\n\t\t<\/div>\n\t\t\t\t\t\t\t<\/div>\n\t\t<\/section>\n\t\t\t\t<section class=\"elementor-section elementor-top-section elementor-element elementor-element-d32f5a4 elementor-section-boxed elementor-section-height-default elementor-section-height-default\" data-id=\"d32f5a4\" data-element_type=\"section\">\n\t\t\t\t\t\t<div class=\"elementor-container elementor-column-gap-default\">\n\t\t\t\t\t<div class=\"elementor-column elementor-col-100 elementor-top-column elementor-element elementor-element-a5ad73d\" data-id=\"a5ad73d\" data-element_type=\"column\">\n\t\t\t<div class=\"elementor-widget-wrap elementor-element-populated\">\n\t\t\t\t\t\t\t\t<div class=\"elementor-element elementor-element-dae0675 elementor-widget elementor-widget-spacer\" data-id=\"dae0675\" data-element_type=\"widget\" data-widget_type=\"spacer.default\">\n\t\t\t\t<div class=\"elementor-widget-container\">\n\t\t\t<style>\/*! elementor - v3.16.0 - 17-10-2023 *\/\n.elementor-column .elementor-spacer-inner{height:var(--spacer-size)}.e-con{--container-widget-width:100%}.e-con-inner>.elementor-widget-spacer,.e-con>.elementor-widget-spacer{width:var(--container-widget-width,var(--spacer-size));--align-self:var(--container-widget-align-self,initial);--flex-shrink:0}.e-con-inner>.elementor-widget-spacer>.elementor-widget-container,.e-con>.elementor-widget-spacer>.elementor-widget-container{height:100%;width:100%}.e-con-inner>.elementor-widget-spacer>.elementor-widget-container>.elementor-spacer,.e-con>.elementor-widget-spacer>.elementor-widget-container>.elementor-spacer{height:100%}.e-con-inner>.elementor-widget-spacer>.elementor-widget-container>.elementor-spacer>.elementor-spacer-inner,.e-con>.elementor-widget-spacer>.elementor-widget-container>.elementor-spacer>.elementor-spacer-inner{height:var(--container-widget-height,var(--spacer-size))}.e-con-inner>.elementor-widget-spacer.elementor-widget-empty,.e-con>.elementor-widget-spacer.elementor-widget-empty{position:relative;min-height:22px;min-width:22px}.e-con-inner>.elementor-widget-spacer.elementor-widget-empty .elementor-widget-empty-icon,.e-con>.elementor-widget-spacer.elementor-widget-empty .elementor-widget-empty-icon{position:absolute;top:0;bottom:0;left:0;right:0;margin:auto;padding:0;width:22px;height:22px}<\/style>\t\t<div class=\"elementor-spacer\">\n\t\t\t<div class=\"elementor-spacer-inner\"><\/div>\n\t\t<\/div>\n\t\t\t\t<\/div>\n\t\t\t\t<\/div>\n\t\t\t\t\t<\/div>\n\t\t<\/div>\n\t\t\t\t\t\t\t<\/div>\n\t\t<\/section>\n\t\t\t\t\t\t\t<\/div>\n\t\t","protected":false},"excerpt":{"rendered":"<p>Democratic Republic du Congo The Democratic Republic of Congo (DRC), formerly known as the Republic of Zaire, is geographically the largest state in Southern and Central Africa. It is situated at the heart of Africa, and lies on the Equator, covering an area of 2,345,095 km\u00b2. The DRC has 37 kilometres of coastline and a [&hellip;]<\/p>\n","protected":false},"author":4,"featured_media":5406,"parent":6735,"menu_order":0,"comment_status":"closed","ping_status":"closed","template":"elementor_header_footer","meta":{"footnotes":""},"class_list":["post-6741","page","type-page","status-publish","has-post-thumbnail","hentry"],"yoast_head":"<!-- This site is optimized with the Yoast SEO plugin v21.4 - https:\/\/yoast.com\/wordpress\/plugins\/seo\/ -->\n<title>Democratic Republic du Congo - cisna Secretariat Site<\/title>\n<meta name=\"robots\" content=\"index, follow, max-snippet:-1, max-image-preview:large, max-video-preview:-1\" \/>\n<link rel=\"canonical\" href=\"https:\/\/cisna.net\/fr\/membership\/democratic-republic-du-congo\/\" \/>\n<meta property=\"og:locale\" content=\"fr_FR\" \/>\n<meta property=\"og:type\" content=\"article\" \/>\n<meta property=\"og:title\" content=\"Democratic Republic du Congo - cisna Secretariat Site\" \/>\n<meta property=\"og:description\" content=\"Democratic Republic du Congo The Democratic Republic of Congo (DRC), formerly known as the Republic of Zaire, is geographically the largest state in Southern and Central Africa. It is situated at the heart of Africa, and lies on the Equator, covering an area of 2,345,095 km\u00b2. The DRC has 37 kilometres of coastline and a [&hellip;]\" \/>\n<meta property=\"og:url\" content=\"https:\/\/cisna.net\/fr\/membership\/democratic-republic-du-congo\/\" \/>\n<meta property=\"og:site_name\" content=\"cisna Secretariat Site\" \/>\n<meta property=\"article:modified_time\" content=\"2022-08-11T13:04:01+00:00\" \/>\n<meta property=\"og:image\" content=\"https:\/\/cisna.net\/wp-content\/uploads\/bg_single_team.jpg\" \/>\n\t<meta property=\"og:image:width\" content=\"1920\" \/>\n\t<meta property=\"og:image:height\" content=\"300\" \/>\n\t<meta property=\"og:image:type\" content=\"image\/jpeg\" \/>\n<meta name=\"twitter:card\" content=\"summary_large_image\" \/>\n<meta name=\"twitter:label1\" content=\"Dur\u00e9e de lecture estim\u00e9e\" \/>\n\t<meta name=\"twitter:data1\" content=\"1 minute\" \/>\n<script type=\"application\/ld+json\" class=\"yoast-schema-graph\">{\"@context\":\"https:\/\/schema.org\",\"@graph\":[{\"@type\":\"WebPage\",\"@id\":\"https:\/\/cisna.net\/fr\/membership\/democratic-republic-du-congo\/\",\"url\":\"https:\/\/cisna.net\/fr\/membership\/democratic-republic-du-congo\/\",\"name\":\"Democratic Republic du Congo - cisna Secretariat Site\",\"isPartOf\":{\"@id\":\"https:\/\/cisna.net\/fr\/#website\"},\"datePublished\":\"2022-05-17T11:29:52+00:00\",\"dateModified\":\"2022-08-11T13:04:01+00:00\",\"breadcrumb\":{\"@id\":\"https:\/\/cisna.net\/fr\/membership\/democratic-republic-du-congo\/#breadcrumb\"},\"inLanguage\":\"fr-FR\",\"potentialAction\":[{\"@type\":\"ReadAction\",\"target\":[\"https:\/\/cisna.net\/fr\/membership\/democratic-republic-du-congo\/\"]}]},{\"@type\":\"BreadcrumbList\",\"@id\":\"https:\/\/cisna.net\/fr\/membership\/democratic-republic-du-congo\/#breadcrumb\",\"itemListElement\":[{\"@type\":\"ListItem\",\"position\":1,\"name\":\"Home\",\"item\":\"https:\/\/cisna.net\/fr\/\"},{\"@type\":\"ListItem\",\"position\":2,\"name\":\"Membership\",\"item\":\"https:\/\/cisna.net\/fr\/membership\/\"},{\"@type\":\"ListItem\",\"position\":3,\"name\":\"Democratic Republic du Congo\"}]},{\"@type\":\"WebSite\",\"@id\":\"https:\/\/cisna.net\/fr\/#website\",\"url\":\"https:\/\/cisna.net\/fr\/\",\"name\":\"cisna Secretariat Site\",\"description\":\"Committee of Insurance, Securities and Non-Banking Financial Authorities (CISNA)\",\"publisher\":{\"@id\":\"https:\/\/cisna.net\/fr\/#organization\"},\"potentialAction\":[{\"@type\":\"SearchAction\",\"target\":{\"@type\":\"EntryPoint\",\"urlTemplate\":\"https:\/\/cisna.net\/fr\/?s={search_term_string}\"},\"query-input\":\"required name=search_term_string\"}],\"inLanguage\":\"fr-FR\"},{\"@type\":\"Organization\",\"@id\":\"https:\/\/cisna.net\/fr\/#organization\",\"name\":\"cisna Secretariat Site\",\"url\":\"https:\/\/cisna.net\/fr\/\",\"logo\":{\"@type\":\"ImageObject\",\"inLanguage\":\"fr-FR\",\"@id\":\"https:\/\/cisna.net\/fr\/#\/schema\/logo\/image\/\",\"url\":\"https:\/\/cisna.net\/wp-content\/uploads\/logo-cisna.png\",\"contentUrl\":\"https:\/\/cisna.net\/wp-content\/uploads\/logo-cisna.png\",\"width\":543,\"height\":543,\"caption\":\"cisna Secretariat Site\"},\"image\":{\"@id\":\"https:\/\/cisna.net\/fr\/#\/schema\/logo\/image\/\"}}]}<\/script>\n<!-- \/ Yoast SEO plugin. -->","yoast_head_json":{"title":"Democratic Republic du Congo - cisna Secretariat Site","robots":{"index":"index","follow":"follow","max-snippet":"max-snippet:-1","max-image-preview":"max-image-preview:large","max-video-preview":"max-video-preview:-1"},"canonical":"https:\/\/cisna.net\/fr\/membership\/democratic-republic-du-congo\/","og_locale":"fr_FR","og_type":"article","og_title":"Democratic Republic du Congo - cisna Secretariat Site","og_description":"Democratic Republic du Congo The Democratic Republic of Congo (DRC), formerly known as the Republic of Zaire, is geographically the largest state in Southern and Central Africa. It is situated at the heart of Africa, and lies on the Equator, covering an area of 2,345,095 km\u00b2. The DRC has 37 kilometres of coastline and a [&hellip;]","og_url":"https:\/\/cisna.net\/fr\/membership\/democratic-republic-du-congo\/","og_site_name":"cisna Secretariat Site","article_modified_time":"2022-08-11T13:04:01+00:00","og_image":[{"width":1920,"height":300,"url":"https:\/\/cisna.net\/wp-content\/uploads\/bg_single_team.jpg","type":"image\/jpeg"}],"twitter_card":"summary_large_image","twitter_misc":{"Dur\u00e9e de lecture estim\u00e9e":"1 minute"},"schema":{"@context":"https:\/\/schema.org","@graph":[{"@type":"WebPage","@id":"https:\/\/cisna.net\/fr\/membership\/democratic-republic-du-congo\/","url":"https:\/\/cisna.net\/fr\/membership\/democratic-republic-du-congo\/","name":"Democratic Republic du Congo - cisna Secretariat Site","isPartOf":{"@id":"https:\/\/cisna.net\/fr\/#website"},"datePublished":"2022-05-17T11:29:52+00:00","dateModified":"2022-08-11T13:04:01+00:00","breadcrumb":{"@id":"https:\/\/cisna.net\/fr\/membership\/democratic-republic-du-congo\/#breadcrumb"},"inLanguage":"fr-FR","potentialAction":[{"@type":"ReadAction","target":["https:\/\/cisna.net\/fr\/membership\/democratic-republic-du-congo\/"]}]},{"@type":"BreadcrumbList","@id":"https:\/\/cisna.net\/fr\/membership\/democratic-republic-du-congo\/#breadcrumb","itemListElement":[{"@type":"ListItem","position":1,"name":"Home","item":"https:\/\/cisna.net\/fr\/"},{"@type":"ListItem","position":2,"name":"Membership","item":"https:\/\/cisna.net\/fr\/membership\/"},{"@type":"ListItem","position":3,"name":"Democratic Republic du Congo"}]},{"@type":"WebSite","@id":"https:\/\/cisna.net\/fr\/#website","url":"https:\/\/cisna.net\/fr\/","name":"cisna Secretariat Site","description":"Committee of Insurance, Securities and Non-Banking Financial Authorities (CISNA)","publisher":{"@id":"https:\/\/cisna.net\/fr\/#organization"},"potentialAction":[{"@type":"SearchAction","target":{"@type":"EntryPoint","urlTemplate":"https:\/\/cisna.net\/fr\/?s={search_term_string}"},"query-input":"required name=search_term_string"}],"inLanguage":"fr-FR"},{"@type":"Organization","@id":"https:\/\/cisna.net\/fr\/#organization","name":"cisna Secretariat Site","url":"https:\/\/cisna.net\/fr\/","logo":{"@type":"ImageObject","inLanguage":"fr-FR","@id":"https:\/\/cisna.net\/fr\/#\/schema\/logo\/image\/","url":"https:\/\/cisna.net\/wp-content\/uploads\/logo-cisna.png","contentUrl":"https:\/\/cisna.net\/wp-content\/uploads\/logo-cisna.png","width":543,"height":543,"caption":"cisna Secretariat Site"},"image":{"@id":"https:\/\/cisna.net\/fr\/#\/schema\/logo\/image\/"}}]}},"_links":{"self":[{"href":"https:\/\/cisna.net\/fr\/wp-json\/wp\/v2\/pages\/6741","targetHints":{"allow":["GET"]}}],"collection":[{"href":"https:\/\/cisna.net\/fr\/wp-json\/wp\/v2\/pages"}],"about":[{"href":"https:\/\/cisna.net\/fr\/wp-json\/wp\/v2\/types\/page"}],"author":[{"embeddable":true,"href":"https:\/\/cisna.net\/fr\/wp-json\/wp\/v2\/users\/4"}],"replies":[{"embeddable":true,"href":"https:\/\/cisna.net\/fr\/wp-json\/wp\/v2\/comments?post=6741"}],"version-history":[{"count":0,"href":"https:\/\/cisna.net\/fr\/wp-json\/wp\/v2\/pages\/6741\/revisions"}],"up":[{"embeddable":true,"href":"https:\/\/cisna.net\/fr\/wp-json\/wp\/v2\/pages\/6735"}],"wp:featuredmedia":[{"embeddable":true,"href":"https:\/\/cisna.net\/fr\/wp-json\/wp\/v2\/media\/5406"}],"wp:attachment":[{"href":"https:\/\/cisna.net\/fr\/wp-json\/wp\/v2\/media?parent=6741"}],"curies":[{"name":"wp","href":"https:\/\/api.w.org\/{rel}","templated":true}]}}